{"id":1144,"date":"2019-10-18T15:39:48","date_gmt":"2019-10-18T13:39:48","guid":{"rendered":"https:\/\/arthurlp.com\/?page_id=1144"},"modified":"2019-10-18T16:32:08","modified_gmt":"2019-10-18T14:32:08","slug":"confidentialite","status":"publish","type":"page","link":"https:\/\/arthurlp.com\/en\/confidentialite\/","title":{"rendered":"Privacy policy"},"content":{"rendered":"<h2>Who are we ?<\/h2>\n\n\n\n<p class=\" translation-block\">Our website's address is the following : <strong>https:\/\/arthurlp.com<\/strong> (in this document referred as \"this website\")<\/p>\n\n\n\n<p class=\" translation-block\">This website was created and is currently managed by <strong>Arthur LAURIE-PLARD<\/strong> (in the following document referred as \"the webmaster\"), registered from August 1st 2019 at the French Register for Companies and Corporations under the SIRET number <strong>852 476 027 00010<\/strong><\/p>\n\n\n\n<p class=\" translation-block\">You can contact this website's <em>webmaster<\/em> using the following :<br>E-mail : arthurlaurie@hotmail.com<br>Phone number : +33 616 487 313<br>Registered address : 2B, Avenue Becquart, 59130 LAMBERSART, France<\/p>\n\n\n\n<h3>Website host <\/h3>\n\n\n\n<p class=\" translation-block\"><This website> is currently hosted by <strong>OVH<\/strong>, registered at the corporations register of Lille, France under the SIRET N\u00b0 424 761 419 00045, and is currently based at the following address : 2 rue Kellermann - 59100 Roubaix - France<\/p>\n\n\n\n<h2>Utilization of collected personal data<\/h2>\n\n\n\n<h3>Cookies<\/h3>\n\n\n\n<p>A temporary cookie can be created to determine if your web browser accepts cookies. It does not contain personal data and will be deleted automatically once all active browsing pages are closed.<\/p>\n\n\n\n<p> <em>This website<\/em> can ask you to approve the use of tracking cookies for statistics means and display. Collected data are used for the purposes mentionned under the \"Statistics and audience monitoring\" part of this document.<\/p>\n\n\n\n<h3>Embedded content from other websites<\/h3>\n\n\n\n<p>Articles and pages from <em>this website<\/em> can include embedded content such as videos, images, articles, buttons and more. Contents integrated from other websites will behave the same way it does on its original site.<\/p>\n\n\n\n<p>These website could collect data on your behavious on our website, use other tracking means and follow your interactions with embedded content if you have an account on their website.<\/p>\n\n\n\n<h3>Statistics and Audience monitoring<\/h3>\n\n\n\n<p>Cookies are collected and used for the exclusive mean of enhancement of <em>this website<\/em> by tracking user habits and user interface responses. These cookies do NOT track precise nor sensitive user data such as names, credit card records, etc. These cookies are deleted after the period mentionned under the \"User data conservation\" of this document.<\/p>\n\n\n\n<h2>User data conservation<\/h2>\n\n\n\n<p>Cookies linked to user behaviours on this website will expire after 1 (one) year, after what you will be asked again to approve their use on our website. Any data linked to marketing studies on our website will be deleted after a period of 3 (three) years.<\/p>\n\n\n\n<h2>Your rights on collected data<\/h2>\n\n\n\n<p class=\" translation-block\">According to the French law \"Informatique et libert\u00e9s\" from January 6th 1978, modified in 2004, you have access to an access and rectification right upon information that is in your regard, that you can express by contacting the <em>webmaster<\/em><\/p>\n\n\n\n<p>Vous pouvez \u00e9galement, pour des motifs l\u00e9gitimes, vous opposer au traitement des donn\u00e9es vous concernant.\n<\/p>\n\n\n\n<h2>Sharing of collected user data<\/h2>\n\n\n\n<p>Collected user data on <em>this website<\/em> won't be transmitted to any other third party than Google for the only use of Google Analytics.<\/p>\n\n\n\n<h2>Contact information<\/h2>\n\n\n\n<p class=\" translation-block\">You can contact this website's <em>webmaster<\/em> (Arthur LAURIE-PLARD) using the following :<br>E-mail : arthurlaurie@hotmail.com<br>Phone number : +33 616 487 313<br>Registered address : 2B, Avenue Becquart, 59130 LAMBERSART, France<\/p>\n\n\n\n<h2>Additional information<\/h2>\n\n\n\n<h3>How we protect your data<\/h3>\n\n\n\n<p>Navigation on <em>this website<\/em> is secured by HTTPS protocols, certified by the SSL Let's Encrypt certification, open and recognised for its fiability. <\/p>\n\n\n\n<p><em>This website<\/em> coming without the possibility to create any user profile, we do not collect nor store any personal and\/or sensitive data on its visitors. As such, no data breach could imply risks for our visitors.<\/p>\n\n\n<p><!--EndFragment--><\/p>","protected":false},"excerpt":{"rendered":"<p>Qui sommes-nous&nbsp;? L\u2019adresse de notre site Web est\u00a0: https:\/\/arthurlp.com (dans ce document \u00ab\u00a0le pr\u00e9sent site\u00a0\u00bb). Ce site web est g\u00e9r\u00e9 par Arthur LAURIE-PLARD (dans le pr\u00e9sent document \u00ab\u00a0le webmaster\u00a0\u00bb), enregistr\u00e9 depuis le 01\/08\/2019 aupr\u00e8s du R\u00e9pertoire des Entreprises et des \u00c9tablissements sous l&rsquo;APE \u00ab\u00a07022Z Conseil pour les affaires et autres conseils de gestion\u00a0\u00bb, et dont&hellip;&nbsp;<a href=\"https:\/\/arthurlp.com\/en\/confidentialite\/\" class=\"\" rel=\"bookmark\">Read More &raquo;<span class=\"screen-reader-text\">Privacy policy<\/span><\/a><\/p>","protected":false},"author":1,"featured_media":0,"parent":0,"menu_order":0,"comment_status":"closed","ping_status":"closed","template":"","meta":[],"yoast_head":"<!-- This site is optimized with the Yoast SEO plugin v14.8.1 - https:\/\/yoast.com\/wordpress\/plugins\/seo\/ -->\n<title>Mentions l\u00e9gales | Arthur LAURIE-PLARD - Strat\u00e9gie Marketing et plus<\/title>\n<meta name=\"robots\" content=\"noindex, nofollow\" \/>\n<meta property=\"og:locale\" content=\"en_GB\" \/>\n<meta property=\"og:type\" content=\"article\" \/>\n<meta property=\"og:title\" content=\"Mentions l\u00e9gales | Arthur LAURIE-PLARD - Strat\u00e9gie Marketing et plus\" \/>\n<meta property=\"og:description\" content=\"Qui sommes-nous&nbsp;? L\u2019adresse de notre site Web est\u00a0: https:\/\/arthurlp.com (dans ce document \u00ab\u00a0le pr\u00e9sent site\u00a0\u00bb). Ce site web est g\u00e9r\u00e9 par Arthur LAURIE-PLARD (dans le pr\u00e9sent document \u00ab\u00a0le webmaster\u00a0\u00bb), enregistr\u00e9 depuis le 01\/08\/2019 aupr\u00e8s du R\u00e9pertoire des Entreprises et des \u00c9tablissements sous l&rsquo;APE \u00ab\u00a07022Z Conseil pour les affaires et autres conseils de gestion\u00a0\u00bb, et dont&hellip;&nbsp;Read More &raquo;Mentions l\u00e9gales\" \/>\n<meta property=\"og:url\" content=\"https:\/\/arthurlp.com\/en\/confidentialite\/\" \/>\n<meta property=\"og:site_name\" content=\"Arthur LAURIE-PLARD - Strat\u00e9gie Marketing et plus\" \/>\n<meta property=\"article:publisher\" content=\"https:\/\/www.facebook.com\/Sr.ArthurLP\" \/>\n<meta property=\"article:author\" content=\"https:\/\/www.facebook.com\/Sr.ArthurLP\" \/>\n<meta property=\"article:modified_time\" content=\"2019-10-18T14:32:08+00:00\" \/>\n<meta name=\"twitter:card\" content=\"summary_large_image\" \/>\n<script type=\"application\/ld+json\" class=\"yoast-schema-graph\">{\"@context\":\"https:\/\/schema.org\",\"@graph\":[{\"@type\":[\"Person\",\"Organization\"],\"@id\":\"https:\/\/arthurlp.com\/en\/#\/schema\/person\/d547e5224fb5ed866775f08d6c8dcd10\",\"name\":\"Arthur LAURIE-PLARD\",\"image\":{\"@type\":\"ImageObject\",\"@id\":\"https:\/\/arthurlp.com\/en\/#personlogo\",\"inLanguage\":\"en-GB\",\"url\":\"https:\/\/secure.gravatar.com\/avatar\/316d5d7f545a7cef964e64eef9f6e976?s=96&d=mm&r=g\",\"caption\":\"Arthur LAURIE-PLARD\"},\"logo\":{\"@id\":\"https:\/\/arthurlp.com\/en\/#personlogo\"},\"sameAs\":[\"https:\/\/www.facebook.com\/Sr.ArthurLP\",\"https:\/\/www.linkedin.com\/in\/arthur-laurie\/\"]},{\"@type\":\"WebSite\",\"@id\":\"https:\/\/arthurlp.com\/en\/#website\",\"url\":\"https:\/\/arthurlp.com\/en\/\",\"name\":\"Arthur LAURIE-PLARD - Strat\\u00e9gie Marketing et plus\",\"description\":\"Votre prochain atout Marketing et Communication. D\\u00e9couvrez mon profil complet d\\u00e8s \\u00e0 pr\\u00e9sent.\",\"publisher\":{\"@id\":\"https:\/\/arthurlp.com\/en\/#\/schema\/person\/d547e5224fb5ed866775f08d6c8dcd10\"},\"potentialAction\":[{\"@type\":\"SearchAction\",\"target\":\"https:\/\/arthurlp.com\/en\/?s={search_term_string}\",\"query-input\":\"required name=search_term_string\"}],\"inLanguage\":\"en-GB\"},{\"@type\":\"WebPage\",\"@id\":\"https:\/\/arthurlp.com\/confidentialite\/#webpage\",\"url\":\"https:\/\/arthurlp.com\/confidentialite\/\",\"name\":\"Mentions l\\u00e9gales | Arthur LAURIE-PLARD - Strat\\u00e9gie Marketing et plus\",\"isPartOf\":{\"@id\":\"https:\/\/arthurlp.com\/en\/#website\"},\"datePublished\":\"2019-10-18T13:39:48+00:00\",\"dateModified\":\"2019-10-18T14:32:08+00:00\",\"inLanguage\":\"en-GB\",\"potentialAction\":[{\"@type\":\"ReadAction\",\"target\":[\"https:\/\/arthurlp.com\/confidentialite\/\"]}]}]}<\/script>\n<!-- \/ Yoast SEO plugin. -->","_links":{"self":[{"href":"https:\/\/arthurlp.com\/en\/wp-json\/wp\/v2\/pages\/1144"}],"collection":[{"href":"https:\/\/arthurlp.com\/en\/wp-json\/wp\/v2\/pages"}],"about":[{"href":"https:\/\/arthurlp.com\/en\/wp-json\/wp\/v2\/types\/page"}],"author":[{"embeddable":true,"href":"https:\/\/arthurlp.com\/en\/wp-json\/wp\/v2\/users\/1"}],"replies":[{"embeddable":true,"href":"https:\/\/arthurlp.com\/en\/wp-json\/wp\/v2\/comments?post=1144"}],"version-history":[{"count":4,"href":"https:\/\/arthurlp.com\/en\/wp-json\/wp\/v2\/pages\/1144\/revisions"}],"predecessor-version":[{"id":1158,"href":"https:\/\/arthurlp.com\/en\/wp-json\/wp\/v2\/pages\/1144\/revisions\/1158"}],"wp:attachment":[{"href":"https:\/\/arthurlp.com\/en\/wp-json\/wp\/v2\/media?parent=1144"}],"curies":[{"name":"wp","href":"https:\/\/api.w.org\/{rel}","templated":true}]}}