{"id":1365,"date":"2020-04-19T16:32:46","date_gmt":"2020-04-19T14:32:46","guid":{"rendered":"https:\/\/arthurlp.com\/?page_id=1365"},"modified":"2021-05-10T19:38:54","modified_gmt":"2021-05-10T17:38:54","slug":"cv","status":"publish","type":"page","link":"https:\/\/arthurlp.com\/en\/cv\/","title":{"rendered":"Resume"},"content":{"rendered":"<div data-elementor-type=\"wp-page\" data-elementor-id=\"1365\" class=\"elementor elementor-1365\" data-elementor-settings=\"[]\">\n\t\t\t\t\t\t<div class=\"elementor-inner\">\n\t\t\t\t\t\t\t<div class=\"elementor-section-wrap\">\n\t\t\t\t\t\t\t<section class=\"has_eae_slider elementor-section elementor-top-section elementor-element elementor-element-b460d64 elementor-section-boxed elementor-section-height-default elementor-section-height-default\" data-id=\"b460d64\" data-element_type=\"section\">\n\t\t\t\t\t\t<div class=\"elementor-container elementor-column-gap-default\">\n\t\t\t\t\t\t\t<div class=\"elementor-row\">\n\t\t\t\t\t<div class=\"has_eae_slider elementor-column elementor-col-100 elementor-top-column elementor-element elementor-element-0a4a1fa\" data-id=\"0a4a1fa\" data-element_type=\"column\">\n\t\t\t<div class=\"elementor-column-wrap elementor-element-populated\">\n\t\t\t\t\t\t\t<div class=\"elementor-widget-wrap\">\n\t\t\t\t\t\t<div class=\"elementor-element elementor-element-3de9b70 elementor-widget elementor-widget-image\" data-id=\"3de9b70\" data-element_type=\"widget\" data-widget_type=\"image.default\">\n\t\t\t\t<div class=\"elementor-widget-container\">\n\t\t\t\t\t\t\t\t<div class=\"elementor-image\">\n\t\t\t\t\t\t\t\t\t\t\t\t<img width=\"1280\" height=\"400\" src=\"https:\/\/arthurlp.com\/wp-content\/uploads\/2020\/04\/Banner-CV-EN.jpeg\" class=\"attachment-full size-full\" alt=\"Banni\u00e8re CV\" loading=\"lazy\" srcset=\"https:\/\/arthurlp.com\/wp-content\/uploads\/2020\/04\/Banner-CV-EN.jpeg 1280w, https:\/\/arthurlp.com\/wp-content\/uploads\/2020\/04\/Banner-CV-EN-300x94.jpeg 300w, https:\/\/arthurlp.com\/wp-content\/uploads\/2020\/04\/Banner-CV-EN-1024x320.jpeg 1024w, https:\/\/arthurlp.com\/wp-content\/uploads\/2020\/04\/Banner-CV-EN-768x240.jpeg 768w\" sizes=\"(max-width: 1280px) 100vw, 1280px\" \/>\t\t\t\t\t\t\t\t\t\t\t\t\t\t<\/div>\n\t\t\t\t\t\t<\/div>\n\t\t\t\t<\/div>\n\t\t\t\t\t\t<\/div>\n\t\t\t\t\t<\/div>\n\t\t<\/div>\n\t\t\t\t\t\t\t\t<\/div>\n\t\t\t\t\t<\/div>\n\t\t<\/section>\n\t\t\t\t<section class=\"has_eae_slider elementor-section elementor-top-section elementor-element elementor-element-9ca0618 elementor-section-boxed elementor-section-height-default elementor-section-height-default\" data-id=\"9ca0618\" data-element_type=\"section\">\n\t\t\t\t\t\t<div class=\"elementor-container elementor-column-gap-default\">\n\t\t\t\t\t\t\t<div class=\"elementor-row\">\n\t\t\t\t\t<div class=\"has_eae_slider elementor-column elementor-col-100 elementor-top-column elementor-element elementor-element-d2c610f\" data-id=\"d2c610f\" data-element_type=\"column\">\n\t\t\t<div class=\"elementor-column-wrap elementor-element-populated\">\n\t\t\t\t\t\t\t<div class=\"elementor-widget-wrap\">\n\t\t\t\t\t\t<div class=\"elementor-element elementor-element-a8ef278 elementor-widget elementor-widget-heading\" data-id=\"a8ef278\" data-element_type=\"widget\" data-widget_type=\"heading.default\">\n\t\t\t\t<div class=\"elementor-widget-container\">\n\t\t\t<h2 class=\"elementor-heading-title elementor-size-default\">Download a resume<\/h2>\t\t<\/div>\n\t\t\t\t<\/div>\n\t\t\t\t<div class=\"elementor-element elementor-element-95876c8 elementor-widget elementor-widget-text-editor\" data-id=\"95876c8\" data-element_type=\"widget\" data-widget_type=\"text-editor.default\">\n\t\t\t\t<div class=\"elementor-widget-container\">\n\t\t\t\t\t\t\t\t<div class=\"elementor-text-editor elementor-clearfix\">\n\t\t\t\t\t<p class=\" translation-block\">Need to print-out a resume ? On this page, you'll find a <strong>downloadable, high definition version<\/strong> of my <strong>resume<\/strong>. For more details, please visit the website ! You'll find much more information there. Next, <strong>please contact me !<\/strong> I would be pleased to have a conversation over projects we could lead together.<\/p>\t\t\t\t\t<\/div>\n\t\t\t\t\t\t<\/div>\n\t\t\t\t<\/div>\n\t\t\t\t\t\t<\/div>\n\t\t\t\t\t<\/div>\n\t\t<\/div>\n\t\t\t\t\t\t\t\t<\/div>\n\t\t\t\t\t<\/div>\n\t\t<\/section>\n\t\t\t\t<section class=\"has_eae_slider elementor-section elementor-top-section elementor-element elementor-element-6d73350 elementor-section-boxed elementor-section-height-default elementor-section-height-default\" data-id=\"6d73350\" data-element_type=\"section\" data-settings=\"{&quot;shape_divider_bottom&quot;:&quot;mountains&quot;}\">\n\t\t\t\t\t<div class=\"elementor-shape elementor-shape-bottom\" data-negative=\"false\">\n\t\t\t<svg xmlns=\"http:\/\/www.w3.org\/2000\/svg\" viewbox=\"0 0 1000 100\" preserveaspectratio=\"none\">\n\t<path class=\"elementor-shape-fill\" opacity=\"0.33\" d=\"M473,67.3c-203.9,88.3-263.1-34-320.3,0C66,119.1,0,59.7,0,59.7V0h1000v59.7 c0,0-62.1,26.1-94.9,29.3c-32.8,3.3-62.8-12.3-75.8-22.1C806,49.6,745.3,8.7,694.9,4.7S492.4,59,473,67.3z\"\/>\n\t<path class=\"elementor-shape-fill\" opacity=\"0.66\" d=\"M734,67.3c-45.5,0-77.2-23.2-129.1-39.1c-28.6-8.7-150.3-10.1-254,39.1 s-91.7-34.4-149.2,0C115.7,118.3,0,39.8,0,39.8V0h1000v36.5c0,0-28.2-18.5-92.1-18.5C810.2,18.1,775.7,67.3,734,67.3z\"\/>\n\t<path class=\"elementor-shape-fill\" d=\"M766.1,28.9c-200-57.5-266,65.5-395.1,19.5C242,1.8,242,5.4,184.8,20.6C128,35.8,132.3,44.9,89.9,52.5C28.6,63.7,0,0,0,0 h1000c0,0-9.9,40.9-83.6,48.1S829.6,47,766.1,28.9z\"\/>\n<\/svg>\t\t<\/div>\n\t\t\t\t\t<div class=\"elementor-container elementor-column-gap-default\">\n\t\t\t\t\t\t\t<div class=\"elementor-row\">\n\t\t\t\t\t<div class=\"has_eae_slider elementor-column elementor-col-100 elementor-top-column elementor-element elementor-element-ee0df69\" data-id=\"ee0df69\" data-element_type=\"column\">\n\t\t\t<div class=\"elementor-column-wrap elementor-element-populated\">\n\t\t\t\t\t\t\t<div class=\"elementor-widget-wrap\">\n\t\t\t\t\t\t<section class=\"has_eae_slider elementor-section elementor-inner-section elementor-element elementor-element-4b3e3fe elementor-section-content-middle elementor-section-boxed elementor-section-height-default elementor-section-height-default\" data-id=\"4b3e3fe\" data-element_type=\"section\">\n\t\t\t\t\t\t<div class=\"elementor-container elementor-column-gap-default\">\n\t\t\t\t\t\t\t<div class=\"elementor-row\">\n\t\t\t\t\t<div class=\"has_eae_slider elementor-column elementor-col-50 elementor-inner-column elementor-element elementor-element-cf49cd6\" data-id=\"cf49cd6\" data-element_type=\"column\">\n\t\t\t<div class=\"elementor-column-wrap elementor-element-populated\">\n\t\t\t\t\t\t\t<div class=\"elementor-widget-wrap\">\n\t\t\t\t\t\t<div class=\"elementor-element elementor-element-86779d4 elementor-widget elementor-widget-image\" data-id=\"86779d4\" data-element_type=\"widget\" data-widget_type=\"image.default\">\n\t\t\t\t<div class=\"elementor-widget-container\">\n\t\t\t\t\t\t\t\t<div class=\"elementor-image\">\n\t\t\t\t\t\t\t\t\t\t\t\t<img width=\"1024\" height=\"577\" src=\"https:\/\/arthurlp.com\/wp-content\/uploads\/2020\/04\/911-Lego-EN.png\" class=\"attachment-large size-large\" alt=\"911 Ready to go\" loading=\"lazy\" srcset=\"https:\/\/arthurlp.com\/wp-content\/uploads\/2020\/04\/911-Lego-EN.png 1632w, https:\/\/arthurlp.com\/wp-content\/uploads\/2020\/04\/911-Lego-EN-300x169.png 300w, https:\/\/arthurlp.com\/wp-content\/uploads\/2020\/04\/911-Lego-EN-1024x577.png 1024w, https:\/\/arthurlp.com\/wp-content\/uploads\/2020\/04\/911-Lego-EN-768x433.png 768w, https:\/\/arthurlp.com\/wp-content\/uploads\/2020\/04\/911-Lego-EN-1536x866.png 1536w\" sizes=\"(max-width: 1024px) 100vw, 1024px\" \/>\t\t\t\t\t\t\t\t\t\t\t\t\t\t<\/div>\n\t\t\t\t\t\t<\/div>\n\t\t\t\t<\/div>\n\t\t\t\t\t\t<\/div>\n\t\t\t\t\t<\/div>\n\t\t<\/div>\n\t\t\t\t<div class=\"has_eae_slider elementor-column elementor-col-50 elementor-inner-column elementor-element elementor-element-217b6b3\" data-id=\"217b6b3\" data-element_type=\"column\">\n\t\t\t<div class=\"elementor-column-wrap elementor-element-populated\">\n\t\t\t\t\t\t\t<div class=\"elementor-widget-wrap\">\n\t\t\t\t\t\t<div class=\"elementor-element elementor-element-94a1508 elementor-align-center elementor-widget elementor-widget-jet-download-button\" data-id=\"94a1508\" data-element_type=\"widget\" data-no-translation=\"\" data-widget_type=\"jet-download-button.default\">\n\t\t\t\t<div class=\"elementor-widget-container\">\n\t\t\t<style>.elementor-element-94a1508{display:none !important}<\/style>\t\t<\/div>\n\t\t\t\t<\/div>\n\t\t\t\t<div class=\"elementor-element elementor-element-fa90f4e elementor-widget elementor-widget-jet-button\" data-id=\"fa90f4e\" data-element_type=\"widget\" data-no-translation=\"\" data-widget_type=\"jet-button.default\">\n\t\t\t\t<div class=\"elementor-widget-container\">\n\t\t\t<div class=\"elementor-jet-button jet-elements\"><div class=\"jet-button__container\">\n\t<a class=\"jet-button__instance jet-button__instance--icon-left hover-effect-0\" href=\"https:\/\/arthurlp.com\/?jet_download=1567\">\n\t\t<div class=\"jet-button__plane jet-button__plane-normal\"><\/div>\n\t\t<div class=\"jet-button__plane jet-button__plane-hover\"><\/div>\n\t\t<div class=\"jet-button__state jet-button__state-normal\">\n\t\t\t<span class=\"jet-button__icon jet-elements-icon\"><i aria-hidden=\"true\" class=\"fas fa-file-download\"><\/i><\/span><span class=\"jet-button__label\">Download my resume<\/span>\t\t<\/div>\n\t\t<div class=\"jet-button__state jet-button__state-hover\">\n\t\t\t<span class=\"jet-button__label\">Go<\/span>\t\t<\/div>\n\t<\/a>\n<\/div>\n<\/div>\t\t<\/div>\n\t\t\t\t<\/div>\n\t\t\t\t<div class=\"elementor-element elementor-element-ff7cea6 elementor-widget elementor-widget-jet-button\" data-id=\"ff7cea6\" data-element_type=\"widget\" data-no-translation=\"\" data-widget_type=\"jet-button.default\">\n\t\t\t\t<div class=\"elementor-widget-container\">\n\t\t\t<style>.elementor-element-ff7cea6{display:none !important}<\/style>\t\t<\/div>\n\t\t\t\t<\/div>\n\t\t\t\t<div class=\"elementor-element elementor-element-8457f80 elementor-widget elementor-widget-jet-button\" data-id=\"8457f80\" data-element_type=\"widget\" data-no-translation=\"\" data-widget_type=\"jet-button.default\">\n\t\t\t\t<div class=\"elementor-widget-container\">\n\t\t\t<div class=\"elementor-jet-button jet-elements\"><div class=\"jet-button__container\">\n\t<a class=\"jet-button__instance jet-button__instance--icon- hover-effect-10\" href=\"https:\/\/arthurlp.com\/en\/parcours\/\">\n\t\t<div class=\"jet-button__plane jet-button__plane-normal\"><\/div>\n\t\t<div class=\"jet-button__plane jet-button__plane-hover\"><\/div>\n\t\t<div class=\"jet-button__state jet-button__state-normal\">\n\t\t\t<span class=\"jet-button__label\">Discover my full background<\/span>\t\t<\/div>\n\t\t<div class=\"jet-button__state jet-button__state-hover\">\n\t\t\t<span class=\"jet-button__label\">C'est parti<\/span>\t\t<\/div>\n\t<\/a>\n<\/div>\n<\/div>\t\t<\/div>\n\t\t\t\t<\/div>\n\t\t\t\t\t\t<\/div>\n\t\t\t\t\t<\/div>\n\t\t<\/div>\n\t\t\t\t\t\t\t\t<\/div>\n\t\t\t\t\t<\/div>\n\t\t<\/section>\n\t\t\t\t<div class=\"elementor-element elementor-element-e5652f1 elementor-widget elementor-widget-spacer\" data-id=\"e5652f1\" data-element_type=\"widget\" data-widget_type=\"spacer.default\">\n\t\t\t\t<div class=\"elementor-widget-container\">\n\t\t\t\t\t<div class=\"elementor-spacer\">\n\t\t\t<div class=\"elementor-spacer-inner\"><\/div>\n\t\t<\/div>\n\t\t\t\t<\/div>\n\t\t\t\t<\/div>\n\t\t\t\t\t\t<\/div>\n\t\t\t\t\t<\/div>\n\t\t<\/div>\n\t\t\t\t\t\t\t\t<\/div>\n\t\t\t\t\t<\/div>\n\t\t<\/section>\n\t\t\t\t\t\t<\/div>\n\t\t\t\t\t\t<\/div>\n\t\t\t\t\t<\/div>","protected":false},"excerpt":{"rendered":"<p>T\u00e9l\u00e9chargez un CV Besoin d&rsquo;imprimer un CV ? Vous trouverez sur cette page un exemplaire \u00e0 t\u00e9l\u00e9charger en haute d\u00e9finition et au format PDF. Pour plus de d\u00e9tails sur mon profil, visitez le site ! Vous y trouverez davantage d&rsquo;informations. Pour la suite, contactez-moi ! Je me ferai un plaisir d&rsquo;\u00e9changer, m\u00eame durant quelques minutes,&hellip;&nbsp;<a href=\"https:\/\/arthurlp.com\/en\/cv\/\" class=\"\" rel=\"bookmark\">Read More &raquo;<span class=\"screen-reader-text\">Resume<\/span><\/a><\/p>","protected":false},"author":1,"featured_media":0,"parent":0,"menu_order":0,"comment_status":"closed","ping_status":"closed","template":"page-templates\/template-pagebuilder-full-width.php","meta":[],"yoast_head":"<!-- This site is optimized with the Yoast SEO plugin v14.8.1 - https:\/\/yoast.com\/wordpress\/plugins\/seo\/ -->\n<title>CV | Arthur LAURIE-PLARD - Strat\u00e9gie Marketing et plus<\/title>\n<meta name=\"robots\" content=\"index, follow\" \/>\n<meta name=\"googlebot\" content=\"index, follow, max-snippet:-1, max-image-preview:large, max-video-preview:-1\" \/>\n<meta name=\"bingbot\" content=\"index, follow, max-snippet:-1, max-image-preview:large, max-video-preview:-1\" \/>\n<link rel=\"canonical\" href=\"https:\/\/arthurlp.com\/en\/cv\/\" \/>\n<meta property=\"og:locale\" content=\"en_GB\" \/>\n<meta property=\"og:type\" content=\"article\" \/>\n<meta property=\"og:title\" content=\"CV | Arthur LAURIE-PLARD - Strat\u00e9gie Marketing et plus\" \/>\n<meta property=\"og:description\" content=\"T\u00e9l\u00e9chargez un CV Besoin d&rsquo;imprimer un CV ? Vous trouverez sur cette page un exemplaire \u00e0 t\u00e9l\u00e9charger en haute d\u00e9finition et au format PDF. Pour plus de d\u00e9tails sur mon profil, visitez le site ! Vous y trouverez davantage d&rsquo;informations. Pour la suite, contactez-moi ! Je me ferai un plaisir d&rsquo;\u00e9changer, m\u00eame durant quelques minutes,&hellip;&nbsp;Read More &raquo;CV\" \/>\n<meta property=\"og:url\" content=\"https:\/\/arthurlp.com\/en\/cv\/\" \/>\n<meta property=\"og:site_name\" content=\"Arthur LAURIE-PLARD - Strat\u00e9gie Marketing et plus\" \/>\n<meta property=\"article:publisher\" content=\"https:\/\/www.facebook.com\/Sr.ArthurLP\" \/>\n<meta property=\"article:author\" content=\"https:\/\/www.facebook.com\/Sr.ArthurLP\" \/>\n<meta property=\"article:modified_time\" content=\"2021-05-10T17:38:54+00:00\" \/>\n<meta property=\"og:image\" content=\"https:\/\/arthurlp.com\/wp-content\/uploads\/2020\/04\/Banner-CV.jpeg\" \/>\n<meta name=\"twitter:card\" content=\"summary_large_image\" \/>\n<script type=\"application\/ld+json\" class=\"yoast-schema-graph\">{\"@context\":\"https:\/\/schema.org\",\"@graph\":[{\"@type\":[\"Person\",\"Organization\"],\"@id\":\"https:\/\/arthurlp.com\/en\/#\/schema\/person\/d547e5224fb5ed866775f08d6c8dcd10\",\"name\":\"Arthur LAURIE-PLARD\",\"image\":{\"@type\":\"ImageObject\",\"@id\":\"https:\/\/arthurlp.com\/en\/#personlogo\",\"inLanguage\":\"en-GB\",\"url\":\"https:\/\/secure.gravatar.com\/avatar\/316d5d7f545a7cef964e64eef9f6e976?s=96&d=mm&r=g\",\"caption\":\"Arthur LAURIE-PLARD\"},\"logo\":{\"@id\":\"https:\/\/arthurlp.com\/en\/#personlogo\"},\"sameAs\":[\"https:\/\/www.facebook.com\/Sr.ArthurLP\",\"https:\/\/www.linkedin.com\/in\/arthur-laurie\/\"]},{\"@type\":\"WebSite\",\"@id\":\"https:\/\/arthurlp.com\/en\/#website\",\"url\":\"https:\/\/arthurlp.com\/en\/\",\"name\":\"Arthur LAURIE-PLARD - Strat\\u00e9gie Marketing et plus\",\"description\":\"Votre prochain atout Marketing et Communication. D\\u00e9couvrez mon profil complet d\\u00e8s \\u00e0 pr\\u00e9sent.\",\"publisher\":{\"@id\":\"https:\/\/arthurlp.com\/en\/#\/schema\/person\/d547e5224fb5ed866775f08d6c8dcd10\"},\"potentialAction\":[{\"@type\":\"SearchAction\",\"target\":\"https:\/\/arthurlp.com\/en\/?s={search_term_string}\",\"query-input\":\"required name=search_term_string\"}],\"inLanguage\":\"en-GB\"},{\"@type\":\"ImageObject\",\"@id\":\"https:\/\/arthurlp.com\/cv\/#primaryimage\",\"inLanguage\":\"en-GB\",\"url\":\"https:\/\/arthurlp.com\/wp-content\/uploads\/2020\/04\/Banner-CV.jpeg\",\"width\":1280,\"height\":400,\"caption\":\"Banni\\u00e8re CV\"},{\"@type\":\"WebPage\",\"@id\":\"https:\/\/arthurlp.com\/cv\/#webpage\",\"url\":\"https:\/\/arthurlp.com\/cv\/\",\"name\":\"CV | Arthur LAURIE-PLARD - Strat\\u00e9gie Marketing et plus\",\"isPartOf\":{\"@id\":\"https:\/\/arthurlp.com\/en\/#website\"},\"primaryImageOfPage\":{\"@id\":\"https:\/\/arthurlp.com\/cv\/#primaryimage\"},\"datePublished\":\"2020-04-19T14:32:46+00:00\",\"dateModified\":\"2021-05-10T17:38:54+00:00\",\"inLanguage\":\"en-GB\",\"potentialAction\":[{\"@type\":\"ReadAction\",\"target\":[\"https:\/\/arthurlp.com\/cv\/\"]}]}]}<\/script>\n<!-- \/ Yoast SEO plugin. -->","_links":{"self":[{"href":"https:\/\/arthurlp.com\/en\/wp-json\/wp\/v2\/pages\/1365"}],"collection":[{"href":"https:\/\/arthurlp.com\/en\/wp-json\/wp\/v2\/pages"}],"about":[{"href":"https:\/\/arthurlp.com\/en\/wp-json\/wp\/v2\/types\/page"}],"author":[{"embeddable":true,"href":"https:\/\/arthurlp.com\/en\/wp-json\/wp\/v2\/users\/1"}],"replies":[{"embeddable":true,"href":"https:\/\/arthurlp.com\/en\/wp-json\/wp\/v2\/comments?post=1365"}],"version-history":[{"count":24,"href":"https:\/\/arthurlp.com\/en\/wp-json\/wp\/v2\/pages\/1365\/revisions"}],"predecessor-version":[{"id":1571,"href":"https:\/\/arthurlp.com\/en\/wp-json\/wp\/v2\/pages\/1365\/revisions\/1571"}],"wp:attachment":[{"href":"https:\/\/arthurlp.com\/en\/wp-json\/wp\/v2\/media?parent=1365"}],"curies":[{"name":"wp","href":"https:\/\/api.w.org\/{rel}","templated":true}]}}