{"id":759,"date":"2019-10-02T22:25:15","date_gmt":"2019-10-02T20:25:15","guid":{"rendered":"http:\/\/arthurlp.com\/?page_id=759"},"modified":"2020-05-04T22:38:21","modified_gmt":"2020-05-04T20:38:21","slug":"contact","status":"publish","type":"page","link":"https:\/\/arthurlp.com\/en\/contact\/","title":{"rendered":"Contact"},"content":{"rendered":"<div data-elementor-type=\"wp-page\" data-elementor-id=\"759\" class=\"elementor elementor-759\" data-elementor-settings=\"[]\">\n\t\t\t\t\t\t<div class=\"elementor-inner\">\n\t\t\t\t\t\t\t<div class=\"elementor-section-wrap\">\n\t\t\t\t\t\t\t<section class=\"has_eae_slider elementor-section elementor-top-section elementor-element elementor-element-e598707 elementor-section-boxed elementor-section-height-default elementor-section-height-default\" data-id=\"e598707\" data-element_type=\"section\" data-settings=\"{&quot;shape_divider_bottom&quot;:&quot;mountains&quot;}\">\n\t\t\t\t\t<div class=\"elementor-shape elementor-shape-bottom\" data-negative=\"false\">\n\t\t\t<svg xmlns=\"http:\/\/www.w3.org\/2000\/svg\" viewbox=\"0 0 1000 100\" preserveaspectratio=\"none\">\n\t<path class=\"elementor-shape-fill\" opacity=\"0.33\" d=\"M473,67.3c-203.9,88.3-263.1-34-320.3,0C66,119.1,0,59.7,0,59.7V0h1000v59.7 c0,0-62.1,26.1-94.9,29.3c-32.8,3.3-62.8-12.3-75.8-22.1C806,49.6,745.3,8.7,694.9,4.7S492.4,59,473,67.3z\"\/>\n\t<path class=\"elementor-shape-fill\" opacity=\"0.66\" d=\"M734,67.3c-45.5,0-77.2-23.2-129.1-39.1c-28.6-8.7-150.3-10.1-254,39.1 s-91.7-34.4-149.2,0C115.7,118.3,0,39.8,0,39.8V0h1000v36.5c0,0-28.2-18.5-92.1-18.5C810.2,18.1,775.7,67.3,734,67.3z\"\/>\n\t<path class=\"elementor-shape-fill\" d=\"M766.1,28.9c-200-57.5-266,65.5-395.1,19.5C242,1.8,242,5.4,184.8,20.6C128,35.8,132.3,44.9,89.9,52.5C28.6,63.7,0,0,0,0 h1000c0,0-9.9,40.9-83.6,48.1S829.6,47,766.1,28.9z\"\/>\n<\/svg>\t\t<\/div>\n\t\t\t\t\t<div class=\"elementor-container elementor-column-gap-default\">\n\t\t\t\t\t\t\t<div class=\"elementor-row\">\n\t\t\t\t\t<div class=\"has_eae_slider elementor-column elementor-col-100 elementor-top-column elementor-element elementor-element-f2d23fb\" data-id=\"f2d23fb\" data-element_type=\"column\">\n\t\t\t<div class=\"elementor-column-wrap elementor-element-populated\">\n\t\t\t\t\t\t\t<div class=\"elementor-widget-wrap\">\n\t\t\t\t\t\t<section class=\"has_eae_slider elementor-section elementor-inner-section elementor-element elementor-element-b48bb2b elementor-section-boxed elementor-section-height-default elementor-section-height-default\" data-id=\"b48bb2b\" data-element_type=\"section\">\n\t\t\t\t\t\t<div class=\"elementor-container elementor-column-gap-default\">\n\t\t\t\t\t\t\t<div class=\"elementor-row\">\n\t\t\t\t\t<div class=\"has_eae_slider elementor-column elementor-col-50 elementor-inner-column elementor-element elementor-element-763195e\" data-id=\"763195e\" data-element_type=\"column\">\n\t\t\t<div class=\"elementor-column-wrap elementor-element-populated\">\n\t\t\t\t\t\t\t<div class=\"elementor-widget-wrap\">\n\t\t\t\t\t\t<div class=\"elementor-element elementor-element-278ac40 elementor-widget elementor-widget-image\" data-id=\"278ac40\" data-element_type=\"widget\" data-widget_type=\"image.default\">\n\t\t\t\t<div class=\"elementor-widget-container\">\n\t\t\t\t\t\t\t\t<div class=\"elementor-image\">\n\t\t\t\t\t\t\t\t\t\t\t\t<img width=\"1024\" height=\"576\" src=\"https:\/\/arthurlp.com\/wp-content\/uploads\/2019\/10\/Porsche-Motorsport-Club-1024x576.png\" class=\"attachment-large size-large\" alt=\"Photo Porsche Motorsport Club\" loading=\"lazy\" srcset=\"https:\/\/arthurlp.com\/wp-content\/uploads\/2019\/10\/Porsche-Motorsport-Club-1024x576.png 1024w, https:\/\/arthurlp.com\/wp-content\/uploads\/2019\/10\/Porsche-Motorsport-Club-300x169.png 300w, https:\/\/arthurlp.com\/wp-content\/uploads\/2019\/10\/Porsche-Motorsport-Club-768x432.png 768w, https:\/\/arthurlp.com\/wp-content\/uploads\/2019\/10\/Porsche-Motorsport-Club.png 1850w\" sizes=\"(max-width: 1024px) 100vw, 1024px\" \/>\t\t\t\t\t\t\t\t\t\t\t\t\t\t<\/div>\n\t\t\t\t\t\t<\/div>\n\t\t\t\t<\/div>\n\t\t\t\t\t\t<\/div>\n\t\t\t\t\t<\/div>\n\t\t<\/div>\n\t\t\t\t<div class=\"has_eae_slider elementor-column elementor-col-50 elementor-inner-column elementor-element elementor-element-c34a42c\" data-id=\"c34a42c\" data-element_type=\"column\">\n\t\t\t<div class=\"elementor-column-wrap elementor-element-populated\">\n\t\t\t\t\t\t\t<div class=\"elementor-widget-wrap\">\n\t\t\t\t\t\t<div class=\"elementor-element elementor-element-183c811 elementor-widget elementor-widget-heading\" data-id=\"183c811\" data-element_type=\"widget\" data-widget_type=\"heading.default\">\n\t\t\t\t<div class=\"elementor-widget-container\">\n\t\t\t<h2 class=\"elementor-heading-title elementor-size-default\">Let's keep in touch!<\/h2>\t\t<\/div>\n\t\t\t\t<\/div>\n\t\t\t\t<div class=\"elementor-element elementor-element-f620957 elementor-widget elementor-widget-text-editor\" data-id=\"f620957\" data-element_type=\"widget\" data-widget_type=\"text-editor.default\">\n\t\t\t\t<div class=\"elementor-widget-container\">\n\t\t\t\t\t\t\t\t<div class=\"elementor-text-editor elementor-clearfix\">\n\t\t\t\t\t<p>Contact me!<\/p><p class=\" translation-block\">You can visit my LinkedIn profile and join me by phone and email using the buttons below. Add me on Whatsapp for a quick talk. <strong>See you soon!<\/strong><\/p>\t\t\t\t\t<\/div>\n\t\t\t\t\t\t<\/div>\n\t\t\t\t<\/div>\n\t\t\t\t<div class=\"elementor-element elementor-element-b4cdf9a elementor-icon-list--layout-traditional elementor-list-item-link-full_width elementor-widget elementor-widget-icon-list\" data-id=\"b4cdf9a\" data-element_type=\"widget\" data-widget_type=\"icon-list.default\">\n\t\t\t\t<div class=\"elementor-widget-container\">\n\t\t\t\t\t<ul class=\"elementor-icon-list-items\">\n\t\t\t\t\t\t\t<li class=\"elementor-icon-list-item\">\n\t\t\t\t\t\t\t\t\t\t\t<span class=\"elementor-icon-list-icon\">\n\t\t\t\t\t\t\t<i aria-hidden=\"true\" class=\"fas fa-phone\"><\/i>\t\t\t\t\t\t<\/span>\n\t\t\t\t\t\t\t\t\t\t<span class=\"elementor-icon-list-text\">+33(0)616.487.313<\/span>\n\t\t\t\t\t\t\t\t\t<\/li>\n\t\t\t\t\t\t\t\t<li class=\"elementor-icon-list-item\">\n\t\t\t\t\t\t\t\t\t\t\t<span class=\"elementor-icon-list-icon\">\n\t\t\t\t\t\t\t<i aria-hidden=\"true\" class=\"far fa-envelope\"><\/i>\t\t\t\t\t\t<\/span>\n\t\t\t\t\t\t\t\t\t\t<span class=\"elementor-icon-list-text\">contact@arthurlp.com<\/span>\n\t\t\t\t\t\t\t\t\t<\/li>\n\t\t\t\t\t\t<\/ul>\n\t\t\t\t<\/div>\n\t\t\t\t<\/div>\n\t\t\t\t<div class=\"elementor-element elementor-element-c37aa87 e-grid-align-left elementor-shape-rounded elementor-grid-0 elementor-widget elementor-widget-social-icons\" data-id=\"c37aa87\" data-element_type=\"widget\" data-widget_type=\"social-icons.default\">\n\t\t\t\t<div class=\"elementor-widget-container\">\n\t\t\t\t\t<div class=\"elementor-social-icons-wrapper elementor-grid\">\n\t\t\t\t\t\t\t<div class=\"elementor-grid-item\">\n\t\t\t\t\t<a class=\"elementor-icon elementor-social-icon elementor-social-icon-envelope elementor-repeater-item-2be2ff9\" href=\"mailto:contact@arthurlp.com\" target=\"_blank\">\n\t\t\t\t\t\t<span class=\"elementor-screen-only\">Envelope<\/span>\n\t\t\t\t\t\t<i class=\"fas fa-envelope\"><\/i>\t\t\t\t\t<\/a>\n\t\t\t\t<\/div>\n\t\t\t\t\t\t\t<div class=\"elementor-grid-item\">\n\t\t\t\t\t<a class=\"elementor-icon elementor-social-icon elementor-social-icon-phone elementor-repeater-item-cf26c1d\" href=\"tel:+33616487313\" target=\"_blank\">\n\t\t\t\t\t\t<span class=\"elementor-screen-only\">Phone<\/span>\n\t\t\t\t\t\t<i class=\"fas fa-phone\"><\/i>\t\t\t\t\t<\/a>\n\t\t\t\t<\/div>\n\t\t\t\t\t\t\t<div class=\"elementor-grid-item\">\n\t\t\t\t\t<a class=\"elementor-icon elementor-social-icon elementor-social-icon-linkedin elementor-repeater-item-b0bc8f4\" href=\"https:\/\/www.linkedin.com\/in\/arthur-laurie\/\" target=\"_blank\">\n\t\t\t\t\t\t<span class=\"elementor-screen-only\">Linkedin<\/span>\n\t\t\t\t\t\t<i class=\"fab fa-linkedin\"><\/i>\t\t\t\t\t<\/a>\n\t\t\t\t<\/div>\n\t\t\t\t\t\t\t<div class=\"elementor-grid-item\">\n\t\t\t\t\t<a class=\"elementor-icon elementor-social-icon elementor-social-icon-whatsapp elementor-repeater-item-a9b46f7\" href=\"https:\/\/wa.me\/33616487313\" target=\"_blank\">\n\t\t\t\t\t\t<span class=\"elementor-screen-only\">Whatsapp<\/span>\n\t\t\t\t\t\t<i class=\"fab fa-whatsapp\"><\/i>\t\t\t\t\t<\/a>\n\t\t\t\t<\/div>\n\t\t\t\t\t<\/div>\n\t\t\t\t<\/div>\n\t\t\t\t<\/div>\n\t\t\t\t\t\t<\/div>\n\t\t\t\t\t<\/div>\n\t\t<\/div>\n\t\t\t\t\t\t\t\t<\/div>\n\t\t\t\t\t<\/div>\n\t\t<\/section>\n\t\t\t\t<div class=\"elementor-element elementor-element-b491d1f elementor-widget elementor-widget-spacer\" data-id=\"b491d1f\" data-element_type=\"widget\" data-widget_type=\"spacer.default\">\n\t\t\t\t<div class=\"elementor-widget-container\">\n\t\t\t\t\t<div class=\"elementor-spacer\">\n\t\t\t<div class=\"elementor-spacer-inner\"><\/div>\n\t\t<\/div>\n\t\t\t\t<\/div>\n\t\t\t\t<\/div>\n\t\t\t\t\t\t<\/div>\n\t\t\t\t\t<\/div>\n\t\t<\/div>\n\t\t\t\t\t\t\t\t<\/div>\n\t\t\t\t\t<\/div>\n\t\t<\/section>\n\t\t\t\t\t\t<\/div>\n\t\t\t\t\t\t<\/div>\n\t\t\t\t\t<\/div>","protected":false},"excerpt":{"rendered":"<p>Restons en contact ! Discutons ! Vous pouvez visiter mon profil LinkedIn et me joindre via t\u00e9l\u00e9phone et mail ci-dessous. Ajoutez-moi sur Whatsapp pour une discussion rapide. \u00c0 tr\u00e8s bient\u00f4t ! +33(0)616.487.313 contact@arthurlp.com Envelope Phone Linkedin Whatsapp<\/p>","protected":false},"author":1,"featured_media":0,"parent":0,"menu_order":0,"comment_status":"closed","ping_status":"closed","template":"page-templates\/template-pagebuilder-full-width.php","meta":[],"yoast_head":"<!-- This site is optimized with the Yoast SEO plugin v14.8.1 - https:\/\/yoast.com\/wordpress\/plugins\/seo\/ -->\n<title>Contact | Arthur LAURIE-PLARD - Strat\u00e9gie Marketing et plus<\/title>\n<meta name=\"description\" content=\"Contactez-moi ! Vous trouverez dans cette page mes informations de contact, t\u00e9l\u00e9phone, e-mail, ainsi que des liens vers Linkedin et Whatsapp.\" \/>\n<meta name=\"robots\" content=\"index, follow\" \/>\n<meta name=\"googlebot\" content=\"index, follow, max-snippet:-1, max-image-preview:large, max-video-preview:-1\" \/>\n<meta name=\"bingbot\" content=\"index, follow, max-snippet:-1, max-image-preview:large, max-video-preview:-1\" \/>\n<link rel=\"canonical\" href=\"https:\/\/arthurlp.com\/en\/contact\/\" \/>\n<meta property=\"og:locale\" content=\"en_GB\" \/>\n<meta property=\"og:type\" content=\"article\" \/>\n<meta property=\"og:title\" content=\"Contact | Arthur LAURIE-PLARD - Strat\u00e9gie Marketing et plus\" \/>\n<meta property=\"og:description\" content=\"Contactez-moi ! Vous trouverez dans cette page mes informations de contact, t\u00e9l\u00e9phone, e-mail, ainsi que des liens vers Linkedin et Whatsapp.\" \/>\n<meta property=\"og:url\" content=\"https:\/\/arthurlp.com\/en\/contact\/\" \/>\n<meta property=\"og:site_name\" content=\"Arthur LAURIE-PLARD - Strat\u00e9gie Marketing et plus\" \/>\n<meta property=\"article:publisher\" content=\"https:\/\/www.facebook.com\/Sr.ArthurLP\" \/>\n<meta property=\"article:author\" content=\"https:\/\/www.facebook.com\/Sr.ArthurLP\" \/>\n<meta property=\"article:modified_time\" content=\"2020-05-04T20:38:21+00:00\" \/>\n<meta property=\"og:image\" content=\"https:\/\/arthurlp.com\/wp-content\/uploads\/2019\/10\/Porsche-Motorsport-Club-1024x576.png\" \/>\n<meta name=\"twitter:card\" content=\"summary_large_image\" \/>\n<script type=\"application\/ld+json\" class=\"yoast-schema-graph\">{\"@context\":\"https:\/\/schema.org\",\"@graph\":[{\"@type\":[\"Person\",\"Organization\"],\"@id\":\"https:\/\/arthurlp.com\/en\/#\/schema\/person\/d547e5224fb5ed866775f08d6c8dcd10\",\"name\":\"Arthur LAURIE-PLARD\",\"image\":{\"@type\":\"ImageObject\",\"@id\":\"https:\/\/arthurlp.com\/en\/#personlogo\",\"inLanguage\":\"en-GB\",\"url\":\"https:\/\/secure.gravatar.com\/avatar\/316d5d7f545a7cef964e64eef9f6e976?s=96&d=mm&r=g\",\"caption\":\"Arthur LAURIE-PLARD\"},\"logo\":{\"@id\":\"https:\/\/arthurlp.com\/en\/#personlogo\"},\"sameAs\":[\"https:\/\/www.facebook.com\/Sr.ArthurLP\",\"https:\/\/www.linkedin.com\/in\/arthur-laurie\/\"]},{\"@type\":\"WebSite\",\"@id\":\"https:\/\/arthurlp.com\/en\/#website\",\"url\":\"https:\/\/arthurlp.com\/en\/\",\"name\":\"Arthur LAURIE-PLARD - Strat\\u00e9gie Marketing et plus\",\"description\":\"Votre prochain atout Marketing et Communication. D\\u00e9couvrez mon profil complet d\\u00e8s \\u00e0 pr\\u00e9sent.\",\"publisher\":{\"@id\":\"https:\/\/arthurlp.com\/en\/#\/schema\/person\/d547e5224fb5ed866775f08d6c8dcd10\"},\"potentialAction\":[{\"@type\":\"SearchAction\",\"target\":\"https:\/\/arthurlp.com\/en\/?s={search_term_string}\",\"query-input\":\"required name=search_term_string\"}],\"inLanguage\":\"en-GB\"},{\"@type\":\"ImageObject\",\"@id\":\"https:\/\/arthurlp.com\/contact\/#primaryimage\",\"inLanguage\":\"en-GB\",\"url\":\"https:\/\/arthurlp.com\/wp-content\/uploads\/2019\/10\/Porsche-Motorsport-Club.png\",\"width\":1850,\"height\":1041,\"caption\":\"Photo Porsche Motorsport Club\"},{\"@type\":\"WebPage\",\"@id\":\"https:\/\/arthurlp.com\/contact\/#webpage\",\"url\":\"https:\/\/arthurlp.com\/contact\/\",\"name\":\"Contact | Arthur LAURIE-PLARD - Strat\\u00e9gie Marketing et plus\",\"isPartOf\":{\"@id\":\"https:\/\/arthurlp.com\/en\/#website\"},\"primaryImageOfPage\":{\"@id\":\"https:\/\/arthurlp.com\/contact\/#primaryimage\"},\"datePublished\":\"2019-10-02T20:25:15+00:00\",\"dateModified\":\"2020-05-04T20:38:21+00:00\",\"description\":\"Contactez-moi ! Vous trouverez dans cette page mes informations de contact, t\\u00e9l\\u00e9phone, e-mail, ainsi que des liens vers Linkedin et Whatsapp.\",\"inLanguage\":\"en-GB\",\"potentialAction\":[{\"@type\":\"ReadAction\",\"target\":[\"https:\/\/arthurlp.com\/contact\/\"]}]}]}<\/script>\n<!-- \/ Yoast SEO plugin. -->","_links":{"self":[{"href":"https:\/\/arthurlp.com\/en\/wp-json\/wp\/v2\/pages\/759"}],"collection":[{"href":"https:\/\/arthurlp.com\/en\/wp-json\/wp\/v2\/pages"}],"about":[{"href":"https:\/\/arthurlp.com\/en\/wp-json\/wp\/v2\/types\/page"}],"author":[{"embeddable":true,"href":"https:\/\/arthurlp.com\/en\/wp-json\/wp\/v2\/users\/1"}],"replies":[{"embeddable":true,"href":"https:\/\/arthurlp.com\/en\/wp-json\/wp\/v2\/comments?post=759"}],"version-history":[{"count":13,"href":"https:\/\/arthurlp.com\/en\/wp-json\/wp\/v2\/pages\/759\/revisions"}],"predecessor-version":[{"id":1440,"href":"https:\/\/arthurlp.com\/en\/wp-json\/wp\/v2\/pages\/759\/revisions\/1440"}],"wp:attachment":[{"href":"https:\/\/arthurlp.com\/en\/wp-json\/wp\/v2\/media?parent=759"}],"curies":[{"name":"wp","href":"https:\/\/api.w.org\/{rel}","templated":true}]}}